{"id":531,"date":"2021-04-30T17:03:26","date_gmt":"2021-04-30T15:03:26","guid":{"rendered":"https:\/\/www.pro-nuisible-centre.com\/?page_id=531"},"modified":"2021-05-13T23:38:08","modified_gmt":"2021-05-13T21:38:08","slug":"recuperation-des-essaims-dabeille","status":"publish","type":"page","link":"https:\/\/www.pro-nuisible-centre.com\/index.php\/prestations-2\/recuperation-des-essaims-dabeille\/","title":{"rendered":"R\u00e9cup\u00e9ration des essaims d\u2019abeilles"},"content":{"rendered":"","protected":false},"excerpt":{"rendered":"","protected":false},"author":2,"featured_media":0,"parent":228,"menu_order":0,"comment_status":"closed","ping_status":"closed","template":"","meta":{"_et_pb_use_builder":"on","_et_pb_old_content":"","_et_gb_content_width":"","_monsterinsights_skip_tracking":false,"_monsterinsights_sitenote_active":false,"_monsterinsights_sitenote_note":"","_monsterinsights_sitenote_category":0,"footnotes":""},"yoast_head":"<!-- This site is optimized with the Yoast SEO plugin v16.2 - https:\/\/yoast.com\/wordpress\/plugins\/seo\/ -->\n<title>R\u00e9cup\u00e9ration des essaims d\u2019abeilles - PRO NUISIBLE CENTRE<\/title>\n<meta name=\"description\" content=\"Nous r\u00e9cup\u00e9rons gratuitement vos essaims d&#039;abeilles \u00e0 Orl\u00e9ans et aux alentours 7J\/7. Contactez d\u00e8s maintenant les experts de PRO NUISIBLE CENTRE.\" \/>\n<meta name=\"robots\" content=\"index, follow, max-snippet:-1, max-image-preview:large, max-video-preview:-1\" \/>\n<link rel=\"canonical\" href=\"https:\/\/www.pro-nuisible-centre.com\/index.php\/prestations-2\/recuperation-des-essaims-dabeille\/\" \/>\n<meta property=\"og:locale\" content=\"fr_FR\" \/>\n<meta property=\"og:type\" content=\"article\" \/>\n<meta property=\"og:title\" content=\"R\u00e9cup\u00e9ration des essaims d\u2019abeilles - PRO NUISIBLE CENTRE\" \/>\n<meta property=\"og:description\" content=\"Nous r\u00e9cup\u00e9rons gratuitement vos essaims d&#039;abeilles \u00e0 Orl\u00e9ans et aux alentours 7J\/7. Contactez d\u00e8s maintenant les experts de PRO NUISIBLE CENTRE.\" \/>\n<meta property=\"og:url\" content=\"https:\/\/www.pro-nuisible-centre.com\/index.php\/prestations-2\/recuperation-des-essaims-dabeille\/\" \/>\n<meta property=\"og:site_name\" content=\"PRO NUISIBLE CENTRE\" \/>\n<meta property=\"article:modified_time\" content=\"2021-05-13T21:38:08+00:00\" \/>\n<meta name=\"twitter:card\" content=\"summary_large_image\" \/>\n<script type=\"application\/ld+json\" class=\"yoast-schema-graph\">{\"@context\":\"https:\/\/schema.org\",\"@graph\":[{\"@type\":\"WebSite\",\"@id\":\"https:\/\/www.pro-nuisible-centre.com\/#website\",\"url\":\"https:\/\/www.pro-nuisible-centre.com\/\",\"name\":\"PRO NUISIBLE CENTRE\",\"description\":\"Service d&#039;extermination des nuisibles\",\"potentialAction\":[{\"@type\":\"SearchAction\",\"target\":\"https:\/\/www.pro-nuisible-centre.com\/?s={search_term_string}\",\"query-input\":\"required name=search_term_string\"}],\"inLanguage\":\"fr-FR\"},{\"@type\":\"WebPage\",\"@id\":\"https:\/\/www.pro-nuisible-centre.com\/index.php\/prestations-2\/recuperation-des-essaims-dabeille\/#webpage\",\"url\":\"https:\/\/www.pro-nuisible-centre.com\/index.php\/prestations-2\/recuperation-des-essaims-dabeille\/\",\"name\":\"R\\u00e9cup\\u00e9ration des essaims d\\u2019abeilles - PRO NUISIBLE CENTRE\",\"isPartOf\":{\"@id\":\"https:\/\/www.pro-nuisible-centre.com\/#website\"},\"datePublished\":\"2021-04-30T15:03:26+00:00\",\"dateModified\":\"2021-05-13T21:38:08+00:00\",\"description\":\"Nous r\\u00e9cup\\u00e9rons gratuitement vos essaims d'abeilles \\u00e0 Orl\\u00e9ans et aux alentours 7J\/7. Contactez d\\u00e8s maintenant les experts de PRO NUISIBLE CENTRE.\",\"breadcrumb\":{\"@id\":\"https:\/\/www.pro-nuisible-centre.com\/index.php\/prestations-2\/recuperation-des-essaims-dabeille\/#breadcrumb\"},\"inLanguage\":\"fr-FR\",\"potentialAction\":[{\"@type\":\"ReadAction\",\"target\":[\"https:\/\/www.pro-nuisible-centre.com\/index.php\/prestations-2\/recuperation-des-essaims-dabeille\/\"]}]},{\"@type\":\"BreadcrumbList\",\"@id\":\"https:\/\/www.pro-nuisible-centre.com\/index.php\/prestations-2\/recuperation-des-essaims-dabeille\/#breadcrumb\",\"itemListElement\":[{\"@type\":\"ListItem\",\"position\":1,\"item\":{\"@type\":\"WebPage\",\"@id\":\"https:\/\/www.pro-nuisible-centre.com\/\",\"url\":\"https:\/\/www.pro-nuisible-centre.com\/\",\"name\":\"Accueil\"}},{\"@type\":\"ListItem\",\"position\":2,\"item\":{\"@type\":\"WebPage\",\"@id\":\"https:\/\/www.pro-nuisible-centre.com\/index.php\/prestations-2\/\",\"url\":\"https:\/\/www.pro-nuisible-centre.com\/index.php\/prestations-2\/\",\"name\":\"PRESTATIONS\"}},{\"@type\":\"ListItem\",\"position\":3,\"item\":{\"@id\":\"https:\/\/www.pro-nuisible-centre.com\/index.php\/prestations-2\/recuperation-des-essaims-dabeille\/#webpage\"}}]}]}<\/script>\n<!-- \/ Yoast SEO plugin. -->","_links":{"self":[{"href":"https:\/\/www.pro-nuisible-centre.com\/index.php\/wp-json\/wp\/v2\/pages\/531"}],"collection":[{"href":"https:\/\/www.pro-nuisible-centre.com\/index.php\/wp-json\/wp\/v2\/pages"}],"about":[{"href":"https:\/\/www.pro-nuisible-centre.com\/index.php\/wp-json\/wp\/v2\/types\/page"}],"author":[{"embeddable":true,"href":"https:\/\/www.pro-nuisible-centre.com\/index.php\/wp-json\/wp\/v2\/users\/2"}],"replies":[{"embeddable":true,"href":"https:\/\/www.pro-nuisible-centre.com\/index.php\/wp-json\/wp\/v2\/comments?post=531"}],"version-history":[{"count":3,"href":"https:\/\/www.pro-nuisible-centre.com\/index.php\/wp-json\/wp\/v2\/pages\/531\/revisions"}],"predecessor-version":[{"id":1234,"href":"https:\/\/www.pro-nuisible-centre.com\/index.php\/wp-json\/wp\/v2\/pages\/531\/revisions\/1234"}],"up":[{"embeddable":true,"href":"https:\/\/www.pro-nuisible-centre.com\/index.php\/wp-json\/wp\/v2\/pages\/228"}],"wp:attachment":[{"href":"https:\/\/www.pro-nuisible-centre.com\/index.php\/wp-json\/wp\/v2\/media?parent=531"}],"curies":[{"name":"wp","href":"https:\/\/api.w.org\/{rel}","templated":true}]}}