{"id":8,"date":"2021-02-07T14:36:09","date_gmt":"2021-02-07T13:36:09","guid":{"rendered":"http:\/\/pro-nuisible-centre.com\/?page_id=8"},"modified":"2024-02-23T10:16:34","modified_gmt":"2024-02-23T09:16:34","slug":"contact","status":"publish","type":"page","link":"https:\/\/www.pro-nuisible-centre.com\/index.php\/contact\/","title":{"rendered":"CONTACT"},"content":{"rendered":"\n<h2 class=\"wp-block-heading\"><strong><span style=\"background-color:rgba(0, 0, 0, 0)\" class=\"has-inline-color has-vivid-red-color\">06 61 22 16 11<\/span> <\/strong><\/h2>\n\n\n\n<p><\/p>\n\n\n\n<p><\/p>\n\n\n\n<p><strong>Nous intervenons en priorit\u00e9 sur un p\u00e9rim\u00e8tre d&rsquo;environ 40 km autour d&rsquo;Orl\u00e9ans (45) et de Ch\u00e2teaudun (28).<\/strong><\/p>\n\n\n\n<iframe loading=\"lazy\" src=\"https:\/\/www.google.com\/maps\/d\/embed?mid=1mHw2qSt55uTyyN3wq9SISf1M3IspVjMu\" width=\"1500\" height=\"600\"><\/iframe>\n\n\n<p><strong>Nous pouvons intervenir au-del\u00e0 de cette zone, pour cela, contactez-nous pour un devis.<\/strong><\/p>\n<p><strong>Par mail :<\/strong> <a href=\"mailto:contact@pro-nuisible-centre.com\">contact@pro-nuisible-centre.com<\/a><\/p>\n<p>ou utilisez le formulaire ci-dessous<\/p>\n\n<div class=\"wpforms-container wpforms-container-full wpforms-block wpforms-block-5bb749e5-7c49-4033-99d3-123d1f24b4f3\" id=\"wpforms-96\"><form id=\"wpforms-form-96\" class=\"wpforms-validate wpforms-form\" data-formid=\"96\" method=\"post\" enctype=\"multipart\/form-data\" action=\"\/index.php\/wp-json\/wp\/v2\/pages\/8\" data-token=\"aad3c43a88152882e28ba3c3af9852dc\"><noscript class=\"wpforms-error-noscript\">Veuillez activer JavaScript dans votre navigateur pour remplir ce formulaire.<\/noscript><div class=\"wpforms-field-container\"><div id=\"wpforms-96-field_0-container\" class=\"wpforms-field wpforms-field-name\" data-field-id=\"0\"><label class=\"wpforms-field-label\" for=\"wpforms-96-field_0\">Nom <span class=\"wpforms-required-label\">*<\/span><\/label><input type=\"text\" id=\"wpforms-96-field_0\" class=\"wpforms-field-medium wpforms-field-required\" name=\"wpforms[fields][0]\" required><\/div><div id=\"wpforms-96-field_6-container\" class=\"wpforms-field wpforms-field-textarea\" data-field-id=\"6\"><label class=\"wpforms-field-label\" for=\"wpforms-96-field_6\">T\u00e9l\u00e9phone<\/label><textarea id=\"wpforms-96-field_6\" class=\"wpforms-field-small\" name=\"wpforms[fields][6]\" ><\/textarea><\/div><div id=\"wpforms-96-field_1-container\" class=\"wpforms-field wpforms-field-email\" data-field-id=\"1\"><label class=\"wpforms-field-label\" for=\"wpforms-96-field_1\">E-mail <span class=\"wpforms-required-label\">*<\/span><\/label><input type=\"email\" id=\"wpforms-96-field_1\" class=\"wpforms-field-medium wpforms-field-required\" name=\"wpforms[fields][1]\" spellcheck=\"false\" required><\/div><div id=\"wpforms-96-field_2-container\" class=\"wpforms-field wpforms-field-textarea\" data-field-id=\"2\"><label class=\"wpforms-field-label\" for=\"wpforms-96-field_2\">Commentaire ou message <span class=\"wpforms-required-label\">*<\/span><\/label><textarea id=\"wpforms-96-field_2\" class=\"wpforms-field-medium wpforms-field-required\" name=\"wpforms[fields][2]\" required><\/textarea><\/div><\/div><!-- .wpforms-field-container --><div class=\"wpforms-submit-container\" ><input type=\"hidden\" name=\"wpforms[id]\" value=\"96\"><input type=\"hidden\" name=\"wpforms[author]\" value=\"1\"><button type=\"submit\" name=\"wpforms[submit]\" id=\"wpforms-submit-96\" class=\"wpforms-submit\" data-alt-text=\"Envoi...\" data-submit-text=\"Envoyer\" aria-live=\"assertive\" value=\"wpforms-submit\">Envoyer<\/button><\/div><\/form><\/div>  <!-- .wpforms-container -->\n\n\n<p><\/p>\n","protected":false},"excerpt":{"rendered":"<p>06 61 22 16 11 Nous intervenons en priorit\u00e9 sur un p\u00e9rim\u00e8tre d&rsquo;environ 40 km autour d&rsquo;Orl\u00e9ans (45) et de Ch\u00e2teaudun (28). Nous pouvons intervenir au-del\u00e0 de cette zone, pour cela, contactez-nous pour un devis. Par mail : contact@pro-nuisible-centre.com ou utilisez le formulaire ci-dessous<\/p>\n","protected":false},"author":1,"featured_media":0,"parent":0,"menu_order":0,"comment_status":"closed","ping_status":"closed","template":"","meta":{"_et_pb_use_builder":"","_et_pb_old_content":"","_et_gb_content_width":"","_monsterinsights_skip_tracking":false,"_monsterinsights_sitenote_active":false,"_monsterinsights_sitenote_note":"","_monsterinsights_sitenote_category":0,"footnotes":""},"yoast_head":"<!-- This site is optimized with the Yoast SEO plugin v16.2 - https:\/\/yoast.com\/wordpress\/plugins\/seo\/ -->\n<title>CONTACT - PRO NUISIBLE CENTRE<\/title>\n<meta name=\"robots\" content=\"index, follow, max-snippet:-1, max-image-preview:large, max-video-preview:-1\" \/>\n<link rel=\"canonical\" href=\"https:\/\/www.pro-nuisible-centre.com\/index.php\/contact\/\" \/>\n<meta property=\"og:locale\" content=\"fr_FR\" \/>\n<meta property=\"og:type\" content=\"article\" \/>\n<meta property=\"og:title\" content=\"CONTACT - PRO NUISIBLE CENTRE\" \/>\n<meta property=\"og:description\" content=\"06 61 22 16 11 Nous intervenons en priorit\u00e9 sur un p\u00e9rim\u00e8tre d&rsquo;environ 40 km autour d&rsquo;Orl\u00e9ans (45) et de Ch\u00e2teaudun (28). Nous pouvons intervenir au-del\u00e0 de cette zone, pour cela, contactez-nous pour un devis. Par mail : contact@pro-nuisible-centre.com ou utilisez le formulaire ci-dessous\" \/>\n<meta property=\"og:url\" content=\"https:\/\/www.pro-nuisible-centre.com\/index.php\/contact\/\" \/>\n<meta property=\"og:site_name\" content=\"PRO NUISIBLE CENTRE\" \/>\n<meta property=\"article:modified_time\" content=\"2024-02-23T09:16:34+00:00\" \/>\n<meta name=\"twitter:card\" content=\"summary_large_image\" \/>\n<meta name=\"twitter:label1\" content=\"Dur\u00e9e de lecture est.\">\n\t<meta name=\"twitter:data1\" content=\"1 minute\">\n<script type=\"application\/ld+json\" class=\"yoast-schema-graph\">{\"@context\":\"https:\/\/schema.org\",\"@graph\":[{\"@type\":\"WebSite\",\"@id\":\"https:\/\/www.pro-nuisible-centre.com\/#website\",\"url\":\"https:\/\/www.pro-nuisible-centre.com\/\",\"name\":\"PRO NUISIBLE CENTRE\",\"description\":\"Service d&#039;extermination des nuisibles\",\"potentialAction\":[{\"@type\":\"SearchAction\",\"target\":\"https:\/\/www.pro-nuisible-centre.com\/?s={search_term_string}\",\"query-input\":\"required name=search_term_string\"}],\"inLanguage\":\"fr-FR\"},{\"@type\":\"WebPage\",\"@id\":\"https:\/\/www.pro-nuisible-centre.com\/index.php\/contact\/#webpage\",\"url\":\"https:\/\/www.pro-nuisible-centre.com\/index.php\/contact\/\",\"name\":\"CONTACT - PRO NUISIBLE CENTRE\",\"isPartOf\":{\"@id\":\"https:\/\/www.pro-nuisible-centre.com\/#website\"},\"datePublished\":\"2021-02-07T13:36:09+00:00\",\"dateModified\":\"2024-02-23T09:16:34+00:00\",\"breadcrumb\":{\"@id\":\"https:\/\/www.pro-nuisible-centre.com\/index.php\/contact\/#breadcrumb\"},\"inLanguage\":\"fr-FR\",\"potentialAction\":[{\"@type\":\"ReadAction\",\"target\":[\"https:\/\/www.pro-nuisible-centre.com\/index.php\/contact\/\"]}]},{\"@type\":\"BreadcrumbList\",\"@id\":\"https:\/\/www.pro-nuisible-centre.com\/index.php\/contact\/#breadcrumb\",\"itemListElement\":[{\"@type\":\"ListItem\",\"position\":1,\"item\":{\"@type\":\"WebPage\",\"@id\":\"https:\/\/www.pro-nuisible-centre.com\/\",\"url\":\"https:\/\/www.pro-nuisible-centre.com\/\",\"name\":\"Accueil\"}},{\"@type\":\"ListItem\",\"position\":2,\"item\":{\"@id\":\"https:\/\/www.pro-nuisible-centre.com\/index.php\/contact\/#webpage\"}}]}]}<\/script>\n<!-- \/ Yoast SEO plugin. -->","_links":{"self":[{"href":"https:\/\/www.pro-nuisible-centre.com\/index.php\/wp-json\/wp\/v2\/pages\/8"}],"collection":[{"href":"https:\/\/www.pro-nuisible-centre.com\/index.php\/wp-json\/wp\/v2\/pages"}],"about":[{"href":"https:\/\/www.pro-nuisible-centre.com\/index.php\/wp-json\/wp\/v2\/types\/page"}],"author":[{"embeddable":true,"href":"https:\/\/www.pro-nuisible-centre.com\/index.php\/wp-json\/wp\/v2\/users\/1"}],"replies":[{"embeddable":true,"href":"https:\/\/www.pro-nuisible-centre.com\/index.php\/wp-json\/wp\/v2\/comments?post=8"}],"version-history":[{"count":42,"href":"https:\/\/www.pro-nuisible-centre.com\/index.php\/wp-json\/wp\/v2\/pages\/8\/revisions"}],"predecessor-version":[{"id":1549,"href":"https:\/\/www.pro-nuisible-centre.com\/index.php\/wp-json\/wp\/v2\/pages\/8\/revisions\/1549"}],"wp:attachment":[{"href":"https:\/\/www.pro-nuisible-centre.com\/index.php\/wp-json\/wp\/v2\/media?parent=8"}],"curies":[{"name":"wp","href":"https:\/\/api.w.org\/{rel}","templated":true}]}}