{"id":872,"date":"2021-05-04T13:21:19","date_gmt":"2021-05-04T11:21:19","guid":{"rendered":"https:\/\/www.pro-nuisible-centre.com\/?page_id=872"},"modified":"2021-08-31T16:20:56","modified_gmt":"2021-08-31T14:20:56","slug":"drone-pour-detruire-les-nids-de-frelons-asiatiques-hauts-perches","status":"publish","type":"page","link":"https:\/\/www.pro-nuisible-centre.com\/index.php\/drone-pour-detruire-les-nids-de-frelons-asiatiques-hauts-perches\/","title":{"rendered":"Le drone pour d\u00e9truire les Nids de frelons asiatiques hauts perch\u00e9s"},"content":{"rendered":"<p>[et_pb_section admin_label=\u00a0\u00bbsection\u00a0\u00bb]<br \/>\n\t\t\t[et_pb_row admin_label=\u00a0\u00bbrow\u00a0\u00bb]<br \/>\n\t\t\t\t[et_pb_column type=\u00a0\u00bb4_4&Prime;][\/et_pb_column]<br \/>\n\t\t\t[\/et_pb_row]<br \/>\n\t\t[\/et_pb_section]<\/p>\n","protected":false},"excerpt":{"rendered":"<p>[et_pb_section admin_label=\u00a0\u00bbsection\u00a0\u00bb] [et_pb_row admin_label=\u00a0\u00bbrow\u00a0\u00bb] [et_pb_column type=\u00a0\u00bb4_4&Prime;][\/et_pb_column] [\/et_pb_row] [\/et_pb_section]<\/p>\n","protected":false},"author":2,"featured_media":0,"parent":0,"menu_order":0,"comment_status":"closed","ping_status":"closed","template":"","meta":{"_et_pb_use_builder":"on","_et_pb_old_content":"","_et_gb_content_width":"","_monsterinsights_skip_tracking":false,"_monsterinsights_sitenote_active":false,"_monsterinsights_sitenote_note":"","_monsterinsights_sitenote_category":0,"footnotes":""},"yoast_head":"<!-- This site is optimized with the Yoast SEO plugin v16.2 - https:\/\/yoast.com\/wordpress\/plugins\/seo\/ -->\n<title>Destruction Nids de Frelons en Hauteur Orl\u00e9ans - PRO NUISIBLE CENTRE<\/title>\n<meta name=\"description\" content=\"Nos experts recherchent et d\u00e9truisent vos nids de nuisibles hauts perch\u00e9s \u00e0 l&#039;aide de drones. Intervention \u00e0 Orl\u00e9ans et en r\u00e9gion Centre-Val-de-Loire.\" \/>\n<meta name=\"robots\" content=\"index, follow, max-snippet:-1, max-image-preview:large, max-video-preview:-1\" \/>\n<link rel=\"canonical\" href=\"https:\/\/www.pro-nuisible-centre.com\/index.php\/drone-pour-detruire-les-nids-de-frelons-asiatiques-hauts-perches\/\" \/>\n<meta property=\"og:locale\" content=\"fr_FR\" \/>\n<meta property=\"og:type\" content=\"article\" \/>\n<meta property=\"og:title\" content=\"Destruction Nids de Frelons en Hauteur Orl\u00e9ans - PRO NUISIBLE CENTRE\" \/>\n<meta property=\"og:description\" content=\"Nos experts recherchent et d\u00e9truisent vos nids de nuisibles hauts perch\u00e9s \u00e0 l&#039;aide de drones. Intervention \u00e0 Orl\u00e9ans et en r\u00e9gion Centre-Val-de-Loire.\" \/>\n<meta property=\"og:url\" content=\"https:\/\/www.pro-nuisible-centre.com\/index.php\/drone-pour-detruire-les-nids-de-frelons-asiatiques-hauts-perches\/\" \/>\n<meta property=\"og:site_name\" content=\"PRO NUISIBLE CENTRE\" \/>\n<meta property=\"article:modified_time\" content=\"2021-08-31T14:20:56+00:00\" \/>\n<meta name=\"twitter:card\" content=\"summary_large_image\" \/>\n<script type=\"application\/ld+json\" class=\"yoast-schema-graph\">{\"@context\":\"https:\/\/schema.org\",\"@graph\":[{\"@type\":\"WebSite\",\"@id\":\"https:\/\/www.pro-nuisible-centre.com\/#website\",\"url\":\"https:\/\/www.pro-nuisible-centre.com\/\",\"name\":\"PRO NUISIBLE CENTRE\",\"description\":\"Service d&#039;extermination des nuisibles\",\"potentialAction\":[{\"@type\":\"SearchAction\",\"target\":\"https:\/\/www.pro-nuisible-centre.com\/?s={search_term_string}\",\"query-input\":\"required name=search_term_string\"}],\"inLanguage\":\"fr-FR\"},{\"@type\":\"WebPage\",\"@id\":\"https:\/\/www.pro-nuisible-centre.com\/index.php\/drone-pour-detruire-les-nids-de-frelons-asiatiques-hauts-perches\/#webpage\",\"url\":\"https:\/\/www.pro-nuisible-centre.com\/index.php\/drone-pour-detruire-les-nids-de-frelons-asiatiques-hauts-perches\/\",\"name\":\"Destruction Nids de Frelons en Hauteur Orl\\u00e9ans - PRO NUISIBLE CENTRE\",\"isPartOf\":{\"@id\":\"https:\/\/www.pro-nuisible-centre.com\/#website\"},\"datePublished\":\"2021-05-04T11:21:19+00:00\",\"dateModified\":\"2021-08-31T14:20:56+00:00\",\"description\":\"Nos experts recherchent et d\\u00e9truisent vos nids de nuisibles hauts perch\\u00e9s \\u00e0 l'aide de drones. Intervention \\u00e0 Orl\\u00e9ans et en r\\u00e9gion Centre-Val-de-Loire.\",\"breadcrumb\":{\"@id\":\"https:\/\/www.pro-nuisible-centre.com\/index.php\/drone-pour-detruire-les-nids-de-frelons-asiatiques-hauts-perches\/#breadcrumb\"},\"inLanguage\":\"fr-FR\",\"potentialAction\":[{\"@type\":\"ReadAction\",\"target\":[\"https:\/\/www.pro-nuisible-centre.com\/index.php\/drone-pour-detruire-les-nids-de-frelons-asiatiques-hauts-perches\/\"]}]},{\"@type\":\"BreadcrumbList\",\"@id\":\"https:\/\/www.pro-nuisible-centre.com\/index.php\/drone-pour-detruire-les-nids-de-frelons-asiatiques-hauts-perches\/#breadcrumb\",\"itemListElement\":[{\"@type\":\"ListItem\",\"position\":1,\"item\":{\"@type\":\"WebPage\",\"@id\":\"https:\/\/www.pro-nuisible-centre.com\/\",\"url\":\"https:\/\/www.pro-nuisible-centre.com\/\",\"name\":\"Accueil\"}},{\"@type\":\"ListItem\",\"position\":2,\"item\":{\"@id\":\"https:\/\/www.pro-nuisible-centre.com\/index.php\/drone-pour-detruire-les-nids-de-frelons-asiatiques-hauts-perches\/#webpage\"}}]}]}<\/script>\n<!-- \/ Yoast SEO plugin. -->","_links":{"self":[{"href":"https:\/\/www.pro-nuisible-centre.com\/index.php\/wp-json\/wp\/v2\/pages\/872"}],"collection":[{"href":"https:\/\/www.pro-nuisible-centre.com\/index.php\/wp-json\/wp\/v2\/pages"}],"about":[{"href":"https:\/\/www.pro-nuisible-centre.com\/index.php\/wp-json\/wp\/v2\/types\/page"}],"author":[{"embeddable":true,"href":"https:\/\/www.pro-nuisible-centre.com\/index.php\/wp-json\/wp\/v2\/users\/2"}],"replies":[{"embeddable":true,"href":"https:\/\/www.pro-nuisible-centre.com\/index.php\/wp-json\/wp\/v2\/comments?post=872"}],"version-history":[{"count":4,"href":"https:\/\/www.pro-nuisible-centre.com\/index.php\/wp-json\/wp\/v2\/pages\/872\/revisions"}],"predecessor-version":[{"id":1456,"href":"https:\/\/www.pro-nuisible-centre.com\/index.php\/wp-json\/wp\/v2\/pages\/872\/revisions\/1456"}],"wp:attachment":[{"href":"https:\/\/www.pro-nuisible-centre.com\/index.php\/wp-json\/wp\/v2\/media?parent=872"}],"curies":[{"name":"wp","href":"https:\/\/api.w.org\/{rel}","templated":true}]}}